{"id":106,"date":"2025-12-29T19:54:11","date_gmt":"2025-12-29T19:54:11","guid":{"rendered":"https:\/\/psychologia-jutra.pl\/?page_id=106"},"modified":"2026-04-24T13:35:12","modified_gmt":"2026-04-24T13:35:12","slug":"uslugi","status":"publish","type":"page","link":"https:\/\/psychologia-jutra.pl\/?page_id=106","title":{"rendered":"Us\u0142ugi"},"content":{"rendered":"\n<hr class=\"wp-block-separator has-alpha-channel-opacity\"\/>\n\n\n\n<ul class=\"wp-block-list\">\n<li>Godzinna rozmowa indywidualna online &#8211; 100 z\u0142,  <br>dla pary\/ rodziny &#8211; 200 z\u0142<br><\/li>\n\n\n\n<li>Godzinna rozmowa indywidualna stacjonarna (\u0141osie 05-250, sta\u0142e spotkania przy wcze\u015bniejszym tego ustaleniu mo\u017cliwe do realizacji w Radzyminie) &#8211; 150 z\u0142,<br>dla pary\/ rodziny &#8211; 250 z\u0142<br><\/li>\n\n\n\n<li>Godzinna rozmowa indywidualna z dojazdem do klienta (odleg\u0142o\u015b\u0107 do 70 km od Radzymina, wizyta umawiana z wyprzedzeniem tylko poprzez telefon b\u0105d\u017a email) &#8211; 200\/300 z\u0142 (w zale\u017cno\u015bci od odleg\u0142o\u015bci) + koszt paliwa,<br>dla pary\/ rodziny &#8211; 300\/400 z\u0142<br><\/li>\n\n\n\n<li> Godzinne spotkanie z kapsu\u0142\u0105 balansuj\u0105c\u0105 (\u0141\u00f3d\u017a) &#8211; 180 z\u0142<br><br><\/li>\n<\/ul>\n\n\n\n<!-- Google Calendar Appointment Scheduling begin -->\n<iframe loading=\"lazy\" src=\"https:\/\/calendar.google.com\/calendar\/appointments\/schedules\/AcZssZ32JSMDaCHJ7gCxyfed8xtTs4sTT3nGdy-SGCcBw9LtZF_9okOFrUlY9A1huYsN2FIKEsxj-crt?gv=true\" style=\"border: 0\" width=\"100%\" height=\"600\" frameborder=\"0\"><\/iframe>\n<!-- end Google Calendar Appointment Scheduling -->\n\n\n\n<pre class=\"wp-block-code\"><code><\/code><\/pre>\n\n\n\n<p><\/p>\n","protected":false},"excerpt":{"rendered":"","protected":false},"author":1,"featured_media":0,"parent":0,"menu_order":0,"comment_status":"closed","ping_status":"closed","template":"","meta":{"footnotes":""},"class_list":["post-106","page","type-page","status-publish","hentry"],"_links":{"self":[{"href":"https:\/\/psychologia-jutra.pl\/index.php?rest_route=\/wp\/v2\/pages\/106","targetHints":{"allow":["GET"]}}],"collection":[{"href":"https:\/\/psychologia-jutra.pl\/index.php?rest_route=\/wp\/v2\/pages"}],"about":[{"href":"https:\/\/psychologia-jutra.pl\/index.php?rest_route=\/wp\/v2\/types\/page"}],"author":[{"embeddable":true,"href":"https:\/\/psychologia-jutra.pl\/index.php?rest_route=\/wp\/v2\/users\/1"}],"replies":[{"embeddable":true,"href":"https:\/\/psychologia-jutra.pl\/index.php?rest_route=%2Fwp%2Fv2%2Fcomments&post=106"}],"version-history":[{"count":17,"href":"https:\/\/psychologia-jutra.pl\/index.php?rest_route=\/wp\/v2\/pages\/106\/revisions"}],"predecessor-version":[{"id":215,"href":"https:\/\/psychologia-jutra.pl\/index.php?rest_route=\/wp\/v2\/pages\/106\/revisions\/215"}],"wp:attachment":[{"href":"https:\/\/psychologia-jutra.pl\/index.php?rest_route=%2Fwp%2Fv2%2Fmedia&parent=106"}],"curies":[{"name":"wp","href":"https:\/\/api.w.org\/{rel}","templated":true}]}}