{"id":98,"date":"2025-12-29T19:48:03","date_gmt":"2025-12-29T19:48:03","guid":{"rendered":"https:\/\/psychologia-jutra.pl\/?page_id=98"},"modified":"2025-12-29T22:15:30","modified_gmt":"2025-12-29T22:15:30","slug":"o-mnie","status":"publish","type":"page","link":"https:\/\/psychologia-jutra.pl\/?page_id=98","title":{"rendered":"O mnie"},"content":{"rendered":"\n<hr class=\"wp-block-separator has-alpha-channel-opacity\"\/>\n\n\n\n<figure class=\"wp-block-image aligncenter size-large is-resized\"><img loading=\"lazy\" decoding=\"async\" width=\"683\" height=\"1024\" src=\"https:\/\/psychologia-jutra.pl\/wp-content\/uploads\/2025\/12\/003eeba6-b067-4add-b17e-d57d4db5fea5-1-683x1024.png\" alt=\"\" class=\"wp-image-102\" style=\"aspect-ratio:0.6669979688900316;width:301px;height:auto\" srcset=\"https:\/\/psychologia-jutra.pl\/wp-content\/uploads\/2025\/12\/003eeba6-b067-4add-b17e-d57d4db5fea5-1-683x1024.png 683w, https:\/\/psychologia-jutra.pl\/wp-content\/uploads\/2025\/12\/003eeba6-b067-4add-b17e-d57d4db5fea5-1-200x300.png 200w, https:\/\/psychologia-jutra.pl\/wp-content\/uploads\/2025\/12\/003eeba6-b067-4add-b17e-d57d4db5fea5-1-768x1152.png 768w, https:\/\/psychologia-jutra.pl\/wp-content\/uploads\/2025\/12\/003eeba6-b067-4add-b17e-d57d4db5fea5-1.png 1024w\" sizes=\"auto, (max-width: 683px) 100vw, 683px\" \/><\/figure>\n\n\n\n<p>   <br>  Nazywam si\u0119 Monika Pisarek i prowadz\u0119 gabinet Psychologia Jutra. Jestem magistrem psychologii (psychoterapia i terapia seksualna) oraz posiadam przygotowanie pedagogiczne. Na co dzie\u0144 pracuj\u0119 w szkole z dzie\u0107mi ze spektrum autyzmu, ADHD oraz z trudno\u015bciami w funkcjonowaniu spo\u0142ecznym. Prowadz\u0119 r\u00f3wnie\u017c Trening Umiej\u0119tno\u015bci Spo\u0142ecznych (TUS), wspieraj\u0105c dzieci i m\u0142odzie\u017c w rozwijaniu relacji, komunikacji i regulacji emocji. <br><br>   W pracy gabinetowej towarzysz\u0119 osobom, kt\u00f3re do\u015bwiadczaj\u0105 trudno\u015bci emocjonalnych, przeci\u0105\u017cenia, zagubienia lub chc\u0105 lepiej zrozumie\u0107 siebie i swoje potrzeby. Pracuj\u0119 zar\u00f3wno z doros\u0142ymi, jak i z dzie\u0107mi, dostosowuj\u0105c tempo i form\u0119 spotka\u0144 do indywidualnych mo\u017cliwo\u015bci i potrzeb ka\u017cdej osoby. W swojej pracy \u0142\u0105cz\u0119 podej\u015bcie psychologiczne z holistycznym spojrzeniem na cz\u0142owieka \u2013 uwzgl\u0119dniaj\u0105c zar\u00f3wno sfer\u0119 emocjonaln\u0105, jak i energetyczn\u0105. Wierz\u0119, \u017ce ka\u017cdy cz\u0142owiek ma w sobie potencja\u0142 do zmiany, zdrowienia i odnalezienia wewn\u0119trznej r\u00f3wnowagi. Od kilku lat pog\u0142\u0119biam wiedz\u0119 z zakresu energii cia\u0142a, korzystaj\u0105c z nieinwazyjnych metod bioenergetycznych, kt\u00f3re traktuj\u0119 jako wsparcie procesu regulacji emocjonalnej i budowania poczucia bezpiecze\u0144stwa, a nie jako zast\u0119pstwo oddzia\u0142ywa\u0144 psychologicznych. <br><br>   Pracuj\u0119 w atmosferze szacunku, bezpiecze\u0144stwa i bez ocen. Wa\u017cne jest dla mnie stworzenie przestrzeni, w kt\u00f3rej mo\u017cna zatrzyma\u0107 si\u0119, poczu\u0107 si\u0119 wys\u0142uchanym i by\u0107 sob\u0105 \u2014 bez presji i po\u015bpiechu. Spotkania odbywaj\u0105 si\u0119 stacjonarnie oraz online.<\/p>\n\n\n\n<p><\/p>\n\n\n\n<p><\/p>\n","protected":false},"excerpt":{"rendered":"<p>Nazywam si\u0119 Monika Pisarek i prowadz\u0119 gabinet Psychologia Jutra. Jestem magistrem psychologii (psychoterapia i terapia seksualna) oraz posiadam przygotowanie pedagogiczne. Na co dzie\u0144 pracuj\u0119 w szkole z dzie\u0107mi ze spektrum autyzmu, ADHD oraz z trudno\u015bciami w funkcjonowaniu spo\u0142ecznym. Prowadz\u0119 r\u00f3wnie\u017c Trening Umiej\u0119tno\u015bci Spo\u0142ecznych (TUS), wspieraj\u0105c dzieci i m\u0142odzie\u017c w rozwijaniu relacji, komunikacji i regulacji emocji. [&hellip;]<\/p>\n","protected":false},"author":1,"featured_media":0,"parent":0,"menu_order":0,"comment_status":"closed","ping_status":"closed","template":"","meta":{"footnotes":""},"class_list":["post-98","page","type-page","status-publish","hentry"],"_links":{"self":[{"href":"https:\/\/psychologia-jutra.pl\/index.php?rest_route=\/wp\/v2\/pages\/98","targetHints":{"allow":["GET"]}}],"collection":[{"href":"https:\/\/psychologia-jutra.pl\/index.php?rest_route=\/wp\/v2\/pages"}],"about":[{"href":"https:\/\/psychologia-jutra.pl\/index.php?rest_route=\/wp\/v2\/types\/page"}],"author":[{"embeddable":true,"href":"https:\/\/psychologia-jutra.pl\/index.php?rest_route=\/wp\/v2\/users\/1"}],"replies":[{"embeddable":true,"href":"https:\/\/psychologia-jutra.pl\/index.php?rest_route=%2Fwp%2Fv2%2Fcomments&post=98"}],"version-history":[{"count":4,"href":"https:\/\/psychologia-jutra.pl\/index.php?rest_route=\/wp\/v2\/pages\/98\/revisions"}],"predecessor-version":[{"id":141,"href":"https:\/\/psychologia-jutra.pl\/index.php?rest_route=\/wp\/v2\/pages\/98\/revisions\/141"}],"wp:attachment":[{"href":"https:\/\/psychologia-jutra.pl\/index.php?rest_route=%2Fwp%2Fv2%2Fmedia&parent=98"}],"curies":[{"name":"wp","href":"https:\/\/api.w.org\/{rel}","templated":true}]}}